{"id":21693,"date":"2024-01-22T18:42:52","date_gmt":"2024-01-22T18:42:52","guid":{"rendered":"http:\/\/innovacionciudadana.org\/red-de-labs\/laboratorios-en-cuba\/"},"modified":"2024-04-27T08:27:35","modified_gmt":"2024-04-27T08:27:35","slug":"laboratorios-en-cuba","status":"publish","type":"page","link":"https:\/\/innovacionciudadana.org\/pt-pt\/red-de-labs\/laboratorios-en-cuba\/","title":{"rendered":"Laboratorios en Cuba"},"content":{"rendered":"<p><div class=\"fusion-fullwidth fullwidth-box fusion-builder-row-1 fusion-flex-container has-pattern-background has-mask-background nonhundred-percent-fullwidth non-hundred-percent-height-scrolling\" style=\"--awb-border-radius-top-left:0px;--awb-border-radius-top-right:0px;--awb-border-radius-bottom-right:0px;--awb-border-radius-bottom-left:0px;--awb-flex-wrap:wrap;\" ><div class=\"fusion-builder-row fusion-row fusion-flex-align-items-flex-start fusion-flex-content-wrap\" style=\"max-width:1248px;margin-left: calc(-4% \/ 2 );margin-right: calc(-4% \/ 2 );\"><div class=\"fusion-layout-column fusion_builder_column fusion-builder-column-0 fusion_builder_column_1_1 1_1 fusion-flex-column\" style=\"--awb-bg-size:cover;--awb-width-large:100%;--awb-margin-top-large:0px;--awb-spacing-right-large:1.92%;--awb-margin-bottom-large:20px;--awb-spacing-left-large:1.92%;--awb-width-medium:100%;--awb-order-medium:0;--awb-spacing-right-medium:1.92%;--awb-spacing-left-medium:1.92%;--awb-width-small:100%;--awb-order-small:0;--awb-spacing-right-small:1.92%;--awb-spacing-left-small:1.92%;\"><div class=\"fusion-column-wrapper fusion-column-has-shadow fusion-flex-justify-content-flex-start fusion-content-layout-column\"><div class=\"fusion-title title fusion-title-1 fusion-sep-none fusion-title-text fusion-title-size-two\"><h2 class=\"fusion-title-heading title-heading-left\" style=\"margin:0;\">Laboratorios en Cuba<\/h2><\/div><\/div><\/div><\/div><\/div><div class=\"fusion-fullwidth fullwidth-box fusion-builder-row-2 fusion-flex-container has-pattern-background has-mask-background nonhundred-percent-fullwidth non-hundred-percent-height-scrolling\" style=\"--awb-border-radius-top-left:0px;--awb-border-radius-top-right:0px;--awb-border-radius-bottom-right:0px;--awb-border-radius-bottom-left:0px;--awb-flex-wrap:wrap;\" ><div class=\"fusion-builder-row fusion-row fusion-flex-align-items-flex-start fusion-flex-content-wrap\" style=\"max-width:1248px;margin-left: calc(-4% \/ 2 );margin-right: calc(-4% \/ 2 );\"><div class=\"fusion-layout-column fusion_builder_column fusion-builder-column-1 fusion_builder_column_1_1 1_1 fusion-flex-column\" style=\"--awb-bg-size:cover;--awb-width-large:100%;--awb-margin-top-large:0px;--awb-spacing-right-large:1.92%;--awb-margin-bottom-large:20px;--awb-spacing-left-large:1.92%;--awb-width-medium:100%;--awb-order-medium:0;--awb-spacing-right-medium:1.92%;--awb-spacing-left-medium:1.92%;--awb-width-small:100%;--awb-order-small:0;--awb-spacing-right-small:1.92%;--awb-spacing-left-small:1.92%;\"><div class=\"fusion-column-wrapper fusion-column-has-shadow fusion-flex-justify-content-flex-start fusion-content-layout-column\"><div class=\"fusion-builder-row fusion-builder-row-inner fusion-row fusion-flex-align-items-flex-start fusion-flex-content-wrap\" style=\"width:104% !important;max-width:104% !important;margin-left: calc(-4% \/ 2 );margin-right: calc(-4% \/ 2 );\"><div class=\"fusion-layout-column fusion_builder_column_inner fusion-builder-nested-column-0 fusion_builder_column_inner_1_3 1_3 fusion-flex-column fusion-flex-align-self-stretch\" style=\"--awb-bg-size:cover;--awb-width-large:33.333333333333%;--awb-margin-top-large:0px;--awb-spacing-right-large:5.76%;--awb-margin-bottom-large:20px;--awb-spacing-left-large:5.76%;--awb-width-medium:33.333333333333%;--awb-order-medium:0;--awb-spacing-right-medium:5.76%;--awb-spacing-left-medium:5.76%;--awb-width-small:100%;--awb-order-small:0;--awb-spacing-right-small:1.92%;--awb-spacing-left-small:1.92%;\"><div class=\"fusion-column-wrapper fusion-column-has-shadow fusion-flex-justify-content-center fusion-content-layout-column\"><div class=\"fusion-image-element \" style=\"text-align:center;--awb-caption-title-font-family:var(--h2_typography-font-family);--awb-caption-title-font-weight:var(--h2_typography-font-weight);--awb-caption-title-font-style:var(--h2_typography-font-style);--awb-caption-title-size:var(--h2_typography-font-size);--awb-caption-title-transform:var(--h2_typography-text-transform);--awb-caption-title-line-height:var(--h2_typography-line-height);--awb-caption-title-letter-spacing:var(--h2_typography-letter-spacing);\"><span class=\" fusion-imageframe imageframe-none imageframe-1 hover-type-none\"><img decoding=\"async\" width=\"300\" height=\"300\" title=\"logo-colab-cuba\" src=\"http:\/\/innovacionciudadana.org\/wp-content\/uploads\/2024\/01\/logo-colab-cuba.png\" alt class=\"img-responsive wp-image-20459\" srcset=\"https:\/\/innovacionciudadana.org\/wp-content\/uploads\/2024\/01\/logo-colab-cuba-200x200.png 200w, https:\/\/innovacionciudadana.org\/wp-content\/uploads\/2024\/01\/logo-colab-cuba.png 300w\" sizes=\"(max-width: 640px) 100vw, 300px\" \/><\/span><\/div><\/div><\/div><div class=\"fusion-layout-column fusion_builder_column_inner fusion-builder-nested-column-1 fusion_builder_column_inner_2_3 2_3 fusion-flex-column\" style=\"--awb-bg-size:cover;--awb-width-large:66.666666666667%;--awb-margin-top-large:0px;--awb-spacing-right-large:2.88%;--awb-margin-bottom-large:20px;--awb-spacing-left-large:2.88%;--awb-width-medium:66.666666666667%;--awb-order-medium:0;--awb-spacing-right-medium:2.88%;--awb-spacing-left-medium:2.88%;--awb-width-small:100%;--awb-order-small:0;--awb-spacing-right-small:1.92%;--awb-spacing-left-small:1.92%;\"><div class=\"fusion-column-wrapper fusion-column-has-shadow fusion-flex-justify-content-flex-start fusion-content-layout-column\"><div class=\"fusion-title title fusion-title-2 fusion-sep-none fusion-title-text fusion-title-size-four\"><h4 class=\"fusion-title-heading title-heading-left\" style=\"margin:0;\">CoLab<\/h4><\/div><div class=\"fusion-text fusion-text-1\"><p><span style=\"color: var(--awb-text-color); font-family: var(--awb-text-font-family); font-size: var(--awb-font-size); font-style: var(--awb-text-font-style); font-weight: var(--awb-text-font-weight); letter-spacing: var(--awb-letter-spacing); text-align: var(--awb-content-alignment); text-transform: var(--awb-text-transform); background-color: var(--awb-bg-color-hover);\">Laboratorio de innovaci\u00f3n para la transformaci\u00f3n digital en el sector de la cultura, coordinado por la Uni\u00f3n de Inform\u00e1ticos de Cuba con apoyo de la Uni\u00f3n Europea. CoLab es una red de laboratorios presente en 5 provincias de Cuba (Pinar del Rio, Mayabeque, Cienfuegos, Camaguey y Las Tunas). Particip\u00f3 del Programa de Codise\u00f1o en 2019. M\u00e1s informaci\u00f3n<\/span><span style=\"color: var(--awb-text-color); font-family: var(--awb-text-font-family); font-size: var(--awb-font-size); font-style: var(--awb-text-font-style); font-weight: var(--awb-text-font-weight); letter-spacing: var(--awb-letter-spacing); text-align: var(--awb-content-alignment); text-transform: var(--awb-text-transform); background-color: var(--awb-bg-color-hover);\"> <\/span><a href=\"https:\/\/www.uic.cu\/\" style=\"font-family: var(--awb-text-font-family); font-size: var(--awb-font-size); font-style: var(--awb-text-font-style); font-weight: var(--awb-text-font-weight); letter-spacing: var(--awb-letter-spacing); text-align: var(--awb-content-alignment); text-transform: var(--awb-text-transform); background-color: var(--awb-bg-color-hover);\">aqu\u00ed<\/a><\/p>\n<\/div><div class=\"fusion-title title fusion-title-3 fusion-sep-none fusion-title-text fusion-title-size-six\" style=\"--awb-margin-top:1em;--awb-margin-bottom:1em;\"><h6 class=\"fusion-title-heading title-heading-left\" style=\"margin:0;\">Tipo de lab<\/h6><\/div><div class=\"fusion-content-boxes content-boxes columns row fusion-columns-5 fusion-columns-total-5 fusion-content-boxes-1 content-boxes-timeline-horizontal content-left content-boxes-icon-on-top content-boxes-timeline-layout fusion-delayed-animation\" style=\"--awb-iconcolor:var(--awb-color5);--awb-item-margin-top:0px;--awb-item-margin-bottom:0px;--awb-margin-top:0px;--awb-margin-bottom:0px;--awb-hover-accent-color:var(--awb-color5);--awb-circle-hover-accent-color:transparent;\" data-animation-delay=\"350\" data-animationOffset=\"top-into-view\"><div style=\"--awb-backgroundcolor:var(--awb-color1);--awb-iconcolor:var(--awb-color5);\" class=\"fusion-column content-box-column content-box-column-1 col-lg-2 col-md-2 col-sm-2 fusion-content-box-hover content-box-column-first-in-row\"><div class=\"col content-box-wrapper content-wrapper-background link-area-box content-icon-wrapper-yes icon-hover-animation-none fusion-animated\" data-animationType=\"fadeIn\" data-animationDuration=\"0.25\" data-animationOffset=\"top-into-view\"><div class=\"heading heading-with-icon icon-left\"><div class=\"icon\" style=\"-webkit-animation-duration: 350ms;animation-duration: 350ms;\"><span ><i style=\"background-color:transparent;border-color:transparent;height:auto;width: 20px;line-height:normal;font-size:20px;\" aria-hidden=\"true\" class=\"fontawesome-icon fa-check-circle fas circle-no\"><\/i><\/span><\/div><div class=\"content-box-heading\" style=\"--body_typography-font-size:14px;line-height:19px;\">Ciudadano<\/div><\/div><\/div><\/div><div style=\"--awb-backgroundcolor:var(--awb-color1);--awb-iconcolor:var(--awb-color5);\" class=\"fusion-column content-box-column content-box-column-2 col-lg-2 col-md-2 col-sm-2 fusion-content-box-hover \"><div class=\"col content-box-wrapper content-wrapper-background link-area-box content-icon-wrapper-yes icon-hover-animation-none fusion-animated\" data-animationType=\"fadeIn\" data-animationDuration=\"0.25\" data-animationOffset=\"top-into-view\"><div class=\"heading heading-with-icon icon-left\"><div class=\"icon\" style=\"-webkit-animation-duration: 350ms;animation-duration: 350ms;\"><span ><i style=\"background-color:transparent;border-color:transparent;height:auto;width: 20px;line-height:normal;font-size:20px;\" aria-hidden=\"true\" class=\"fontawesome-icon fa-circle far circle-no\"><\/i><\/span><\/div><div class=\"content-box-heading\" style=\"--body_typography-font-size:14px;line-height:19px;\">Gobierno<\/div><\/div><\/div><\/div><div style=\"--awb-backgroundcolor:var(--awb-color1);--awb-iconcolor:var(--awb-color5);\" class=\"fusion-column content-box-column content-box-column-3 col-lg-2 col-md-2 col-sm-2 fusion-content-box-hover \"><div class=\"col content-box-wrapper content-wrapper-background link-area-box content-icon-wrapper-yes icon-hover-animation-none fusion-animated\" data-animationType=\"fadeIn\" data-animationDuration=\"0.25\" data-animationOffset=\"top-into-view\"><div class=\"heading heading-with-icon icon-left\"><div class=\"icon\" style=\"-webkit-animation-duration: 350ms;animation-duration: 350ms;\"><span ><i style=\"background-color:transparent;border-color:transparent;height:auto;width: 20px;line-height:normal;font-size:20px;\" aria-hidden=\"true\" class=\"fontawesome-icon fa-circle far circle-no\"><\/i><\/span><\/div><div class=\"content-box-heading\" style=\"--body_typography-font-size:14px;line-height:19px;\">Universidad<\/div><\/div><\/div><\/div><div style=\"--awb-backgroundcolor:var(--awb-color1);--awb-iconcolor:var(--awb-color5);\" class=\"fusion-column content-box-column content-box-column-4 col-lg-2 col-md-2 col-sm-2 fusion-content-box-hover \"><div class=\"col content-box-wrapper content-wrapper-background link-area-box content-icon-wrapper-yes icon-hover-animation-none fusion-animated\" data-animationType=\"fadeIn\" data-animationDuration=\"0.25\" data-animationOffset=\"top-into-view\"><div class=\"heading heading-with-icon icon-left\"><div class=\"icon\" style=\"-webkit-animation-duration: 350ms;animation-duration: 350ms;\"><span ><i style=\"background-color:transparent;border-color:transparent;height:auto;width: 20px;line-height:normal;font-size:20px;\" aria-hidden=\"true\" class=\"fontawesome-icon fa-circle far circle-no\"><\/i><\/span><\/div><div class=\"content-box-heading\" style=\"--body_typography-font-size:14px;line-height:19px;\">Living Lab<\/div><\/div><\/div><\/div><div style=\"--awb-backgroundcolor:var(--awb-color1);--awb-iconcolor:var(--awb-color5);\" class=\"fusion-column content-box-column content-box-column-5 col-lg-2 col-md-2 col-sm-2 fusion-content-box-hover content-box-column-last content-box-column-last-in-row\"><div class=\"col content-box-wrapper content-wrapper-background link-area-box content-icon-wrapper-yes icon-hover-animation-none fusion-animated\" data-animationType=\"fadeIn\" data-animationDuration=\"0.25\" data-animationOffset=\"top-into-view\"><div class=\"heading heading-with-icon icon-left\"><div class=\"icon\" style=\"-webkit-animation-duration: 350ms;animation-duration: 350ms;\"><span ><i style=\"background-color:transparent;border-color:transparent;height:auto;width: 20px;line-height:normal;font-size:20px;\" aria-hidden=\"true\" class=\"fontawesome-icon fa-circle far circle-no\"><\/i><\/span><\/div><div class=\"content-box-heading\" style=\"--body_typography-font-size:14px;line-height:19px;\">Maker Space<br \/>\n<\/div><\/div><\/div><\/div><div class=\"fusion-clearfix\"><\/div><\/div><\/div><\/div><\/div><\/div><\/div><\/div><\/div><\/p>\n","protected":false},"excerpt":{"rendered":"","protected":false},"author":2,"featured_media":0,"parent":21679,"menu_order":0,"comment_status":"closed","ping_status":"closed","template":"100-width.php","meta":{"_acf_changed":false,"footnotes":""},"class_list":["post-21693","page","type-page","status-publish","hentry"],"acf":[],"_links":{"self":[{"href":"https:\/\/innovacionciudadana.org\/pt-pt\/wp-json\/wp\/v2\/pages\/21693","targetHints":{"allow":["GET"]}}],"collection":[{"href":"https:\/\/innovacionciudadana.org\/pt-pt\/wp-json\/wp\/v2\/pages"}],"about":[{"href":"https:\/\/innovacionciudadana.org\/pt-pt\/wp-json\/wp\/v2\/types\/page"}],"author":[{"embeddable":true,"href":"https:\/\/innovacionciudadana.org\/pt-pt\/wp-json\/wp\/v2\/users\/2"}],"replies":[{"embeddable":true,"href":"https:\/\/innovacionciudadana.org\/pt-pt\/wp-json\/wp\/v2\/comments?post=21693"}],"version-history":[{"count":2,"href":"https:\/\/innovacionciudadana.org\/pt-pt\/wp-json\/wp\/v2\/pages\/21693\/revisions"}],"predecessor-version":[{"id":22050,"href":"https:\/\/innovacionciudadana.org\/pt-pt\/wp-json\/wp\/v2\/pages\/21693\/revisions\/22050"}],"up":[{"embeddable":true,"href":"https:\/\/innovacionciudadana.org\/pt-pt\/wp-json\/wp\/v2\/pages\/21679"}],"wp:attachment":[{"href":"https:\/\/innovacionciudadana.org\/pt-pt\/wp-json\/wp\/v2\/media?parent=21693"}],"curies":[{"name":"wp","href":"https:\/\/api.w.org\/{rel}","templated":true}]}}