{"id":21663,"date":"2024-01-17T14:56:19","date_gmt":"2024-01-17T14:56:19","guid":{"rendered":"http:\/\/innovacionciudadana.org\/laboratorios\/labix\/proyectos-del-labixba-buenos-aires-2023\/"},"modified":"2024-01-17T14:56:19","modified_gmt":"2024-01-17T14:56:19","slug":"proyectos-del-labixba-buenos-aires-2023","status":"publish","type":"page","link":"https:\/\/innovacionciudadana.org\/pt-pt\/laboratorios\/labix\/proyectos-del-labixba-buenos-aires-2023\/","title":{"rendered":"Proyectos del LABIXBA \u2013 Buenos Aires, 2023"},"content":{"rendered":"<div class=\"fusion-fullwidth fullwidth-box fusion-builder-row-1 fusion-flex-container has-pattern-background has-mask-background nonhundred-percent-fullwidth non-hundred-percent-height-scrolling\" style=\"--awb-border-radius-top-left:0px;--awb-border-radius-top-right:0px;--awb-border-radius-bottom-right:0px;--awb-border-radius-bottom-left:0px;--awb-flex-wrap:wrap;\" ><div class=\"fusion-builder-row fusion-row fusion-flex-align-items-flex-start fusion-flex-content-wrap\" style=\"max-width:1248px;margin-left: calc(-4% \/ 2 );margin-right: calc(-4% \/ 2 );\"><div class=\"fusion-layout-column fusion_builder_column fusion-builder-column-0 fusion_builder_column_1_1 1_1 fusion-flex-column\" style=\"--awb-bg-size:cover;--awb-width-large:100%;--awb-margin-top-large:0px;--awb-spacing-right-large:1.92%;--awb-margin-bottom-large:20px;--awb-spacing-left-large:1.92%;--awb-width-medium:100%;--awb-order-medium:0;--awb-spacing-right-medium:1.92%;--awb-spacing-left-medium:1.92%;--awb-width-small:100%;--awb-order-small:0;--awb-spacing-right-small:1.92%;--awb-spacing-left-small:1.92%;\"><div class=\"fusion-column-wrapper fusion-column-has-shadow fusion-flex-justify-content-flex-start fusion-content-layout-column\"><div class=\"fusion-builder-row fusion-builder-row-inner fusion-row fusion-flex-align-items-flex-start fusion-flex-content-wrap\" style=\"width:104% !important;max-width:104% !important;margin-left: calc(-4% \/ 2 );margin-right: calc(-4% \/ 2 );\"><div class=\"fusion-layout-column fusion_builder_column_inner fusion-builder-nested-column-0 fusion_builder_column_inner_2_3 2_3 fusion-flex-column fusion-flex-align-self-stretch\" style=\"--awb-bg-size:cover;--awb-width-large:66.666666666667%;--awb-margin-top-large:0px;--awb-spacing-right-large:2.88%;--awb-margin-bottom-large:20px;--awb-spacing-left-large:2.88%;--awb-width-medium:66.666666666667%;--awb-order-medium:0;--awb-spacing-right-medium:2.88%;--awb-spacing-left-medium:2.88%;--awb-width-small:100%;--awb-order-small:0;--awb-spacing-right-small:1.92%;--awb-spacing-left-small:1.92%;\"><div class=\"fusion-column-wrapper fusion-column-has-shadow fusion-flex-justify-content-flex-end fusion-content-layout-column\"><div class=\"fusion-title title fusion-title-1 fusion-sep-none fusion-title-text fusion-title-size-two\" style=\"--awb-font-size:24px;\"><h2 class=\"fusion-title-heading title-heading-left\" style=\"margin:0;font-size:1em;\">Proyectos del LABIXBA \u2013 Buenos Aires, 2023<\/h2><\/div><\/div><\/div><div class=\"fusion-layout-column fusion_builder_column_inner fusion-builder-nested-column-1 fusion_builder_column_inner_1_3 1_3 fusion-flex-column\" style=\"--awb-bg-size:cover;--awb-width-large:33.333333333333%;--awb-margin-top-large:0px;--awb-spacing-right-large:5.76%;--awb-margin-bottom-large:20px;--awb-spacing-left-large:5.76%;--awb-width-medium:33.333333333333%;--awb-order-medium:0;--awb-spacing-right-medium:5.76%;--awb-spacing-left-medium:5.76%;--awb-width-small:100%;--awb-order-small:0;--awb-spacing-right-small:1.92%;--awb-spacing-left-small:1.92%;\"><div class=\"fusion-column-wrapper fusion-column-has-shadow fusion-flex-justify-content-flex-start fusion-content-layout-column\"><div class=\"fusion-image-element \" style=\"--awb-caption-title-font-family:var(--h2_typography-font-family);--awb-caption-title-font-weight:var(--h2_typography-font-weight);--awb-caption-title-font-style:var(--h2_typography-font-style);--awb-caption-title-size:var(--h2_typography-font-size);--awb-caption-title-transform:var(--h2_typography-text-transform);--awb-caption-title-line-height:var(--h2_typography-line-height);--awb-caption-title-letter-spacing:var(--h2_typography-letter-spacing);\"><span class=\" fusion-imageframe imageframe-none imageframe-1 hover-type-none\"><img decoding=\"async\" width=\"1753\" height=\"1410\" title=\"labixba_positivo\" src=\"https:\/\/innovacionciudadana.org\/wp-content\/uploads\/2024\/01\/labixba_positivo.png\" alt class=\"img-responsive wp-image-18065\" srcset=\"https:\/\/innovacionciudadana.org\/wp-content\/uploads\/2024\/01\/labixba_positivo-200x161.png 200w, https:\/\/innovacionciudadana.org\/wp-content\/uploads\/2024\/01\/labixba_positivo-400x322.png 400w, https:\/\/innovacionciudadana.org\/wp-content\/uploads\/2024\/01\/labixba_positivo-600x483.png 600w, https:\/\/innovacionciudadana.org\/wp-content\/uploads\/2024\/01\/labixba_positivo-800x643.png 800w, https:\/\/innovacionciudadana.org\/wp-content\/uploads\/2024\/01\/labixba_positivo-1200x965.png 1200w, https:\/\/innovacionciudadana.org\/wp-content\/uploads\/2024\/01\/labixba_positivo.png 1753w\" sizes=\"(max-width: 640px) 100vw, 400px\" \/><\/span><\/div><\/div><\/div><\/div><div class=\"fusion-text fusion-text-1\"><p>La Divisi\u00f3n de Innovaci\u00f3n P\u00fablica y Ciudadana de la Secretar\u00eda General Iberoamericana y el\u00a0<a href=\"https:\/\/www.buenosaires.gob.ar\/cultura\">\u00a0Ministerio de Cultura de la Ciudad Aut\u00f3noma de Buenos Aires<\/a>, con la colaboraci\u00f3n de la<a href=\"http:\/\/www.aecid.es\/es\/\">\u00a0Agencia Espa\u00f1ola de Cooperaci\u00f3n Internacional para el Desarrollo<\/a> (AECID), realizaron el Laboratorio Local de Innovaci\u00f3n Ciudadana, #LABIXBA, del 22 de mayo al 3 de junio de 2023 en la Ciudad Aut\u00f3noma de Buenos Aires.<\/p>\n<p>Se trabajaron proyectos centrados en \u00abbarrio, cultura y territorio\u00bb junto al equipo de mentor\u00eda compuesto por: Saia Vergara, Miguel Jaenicke y Tom\u00e1s Balmaceda.<\/p>\n<\/div><div class=\"fusion-video fusion-youtube\" style=\"--awb-max-width:1200px;--awb-max-height:720px;--awb-align-self:center;--awb-width:100%;\"><div class=\"video-shortcode\"><div class=\"fluid-width-video-wrapper\" style=\"padding-top:60%;\" ><iframe title=\"YouTube video player 1\" src=\"https:\/\/www.youtube.com\/embed\/Kvg_Sh6H0sY?wmode=transparent&autoplay=0\" width=\"1200\" height=\"720\" allowfullscreen allow=\"autoplay; fullscreen\"><\/iframe><\/div><\/div><\/div><div class=\"fusion-title title fusion-title-2 fusion-sep-none fusion-title-text fusion-title-size-four\" style=\"--awb-margin-top:1em;--awb-margin-bottom:1em;\"><h4 class=\"fusion-title-heading title-heading-left\" style=\"margin:0;\">Proyectos<\/h4><\/div><\/div><\/div><\/div><\/div>\n","protected":false},"excerpt":{"rendered":"","protected":false},"author":2,"featured_media":18065,"parent":21661,"menu_order":0,"comment_status":"closed","ping_status":"closed","template":"100-width.php","meta":{"_acf_changed":false,"footnotes":""},"class_list":["post-21663","page","type-page","status-publish","has-post-thumbnail","hentry"],"acf":[],"_links":{"self":[{"href":"https:\/\/innovacionciudadana.org\/pt-pt\/wp-json\/wp\/v2\/pages\/21663","targetHints":{"allow":["GET"]}}],"collection":[{"href":"https:\/\/innovacionciudadana.org\/pt-pt\/wp-json\/wp\/v2\/pages"}],"about":[{"href":"https:\/\/innovacionciudadana.org\/pt-pt\/wp-json\/wp\/v2\/types\/page"}],"author":[{"embeddable":true,"href":"https:\/\/innovacionciudadana.org\/pt-pt\/wp-json\/wp\/v2\/users\/2"}],"replies":[{"embeddable":true,"href":"https:\/\/innovacionciudadana.org\/pt-pt\/wp-json\/wp\/v2\/comments?post=21663"}],"version-history":[{"count":0,"href":"https:\/\/innovacionciudadana.org\/pt-pt\/wp-json\/wp\/v2\/pages\/21663\/revisions"}],"up":[{"embeddable":true,"href":"https:\/\/innovacionciudadana.org\/pt-pt\/wp-json\/wp\/v2\/pages\/21661"}],"wp:featuredmedia":[{"embeddable":true,"href":"https:\/\/innovacionciudadana.org\/pt-pt\/wp-json\/wp\/v2\/media\/18065"}],"wp:attachment":[{"href":"https:\/\/innovacionciudadana.org\/pt-pt\/wp-json\/wp\/v2\/media?parent=21663"}],"curies":[{"name":"wp","href":"https:\/\/api.w.org\/{rel}","templated":true}]}}