{"id":21657,"date":"2024-01-15T19:16:28","date_gmt":"2024-01-15T19:16:28","guid":{"rendered":"http:\/\/innovacionciudadana.org\/laboratorios\/labic\/labicpa\/"},"modified":"2024-01-15T19:16:28","modified_gmt":"2024-01-15T19:16:28","slug":"labicpa","status":"publish","type":"page","link":"https:\/\/innovacionciudadana.org\/pt-pt\/laboratorios\/labic\/labicpa\/","title":{"rendered":"Proyectos del LABICPA \u2013 Ciudad de Panam\u00e1, 2022"},"content":{"rendered":"<div class=\"fusion-fullwidth fullwidth-box fusion-builder-row-1 fusion-flex-container has-pattern-background has-mask-background nonhundred-percent-fullwidth non-hundred-percent-height-scrolling\" style=\"--awb-border-radius-top-left:0px;--awb-border-radius-top-right:0px;--awb-border-radius-bottom-right:0px;--awb-border-radius-bottom-left:0px;--awb-flex-wrap:wrap;\" ><div class=\"fusion-builder-row fusion-row fusion-flex-align-items-flex-start fusion-flex-content-wrap\" style=\"max-width:1248px;margin-left: calc(-4% \/ 2 );margin-right: calc(-4% \/ 2 );\"><div class=\"fusion-layout-column fusion_builder_column fusion-builder-column-0 fusion_builder_column_1_1 1_1 fusion-flex-column\" style=\"--awb-bg-size:cover;--awb-width-large:100%;--awb-margin-top-large:0px;--awb-spacing-right-large:1.92%;--awb-margin-bottom-large:20px;--awb-spacing-left-large:1.92%;--awb-width-medium:100%;--awb-order-medium:0;--awb-spacing-right-medium:1.92%;--awb-spacing-left-medium:1.92%;--awb-width-small:100%;--awb-order-small:0;--awb-spacing-right-small:1.92%;--awb-spacing-left-small:1.92%;\"><div class=\"fusion-column-wrapper fusion-column-has-shadow fusion-flex-justify-content-flex-start fusion-content-layout-column\"><div class=\"fusion-builder-row fusion-builder-row-inner fusion-row fusion-flex-align-items-flex-start fusion-flex-content-wrap\" style=\"width:104% !important;max-width:104% !important;margin-left: calc(-4% \/ 2 );margin-right: calc(-4% \/ 2 );\"><div class=\"fusion-layout-column fusion_builder_column_inner fusion-builder-nested-column-0 fusion_builder_column_inner_2_3 2_3 fusion-flex-column fusion-flex-align-self-stretch\" style=\"--awb-bg-size:cover;--awb-width-large:66.666666666667%;--awb-margin-top-large:0px;--awb-spacing-right-large:2.88%;--awb-margin-bottom-large:20px;--awb-spacing-left-large:2.88%;--awb-width-medium:66.666666666667%;--awb-order-medium:0;--awb-spacing-right-medium:2.88%;--awb-spacing-left-medium:2.88%;--awb-width-small:100%;--awb-order-small:0;--awb-spacing-right-small:1.92%;--awb-spacing-left-small:1.92%;\"><div class=\"fusion-column-wrapper fusion-column-has-shadow fusion-flex-justify-content-flex-end fusion-content-layout-column\"><div class=\"fusion-title title fusion-title-1 fusion-sep-none fusion-title-text fusion-title-size-two\" style=\"--awb-font-size:24px;\"><h2 class=\"fusion-title-heading title-heading-left\" style=\"margin:0;font-size:1em;\">Proyectos del LABICPA \u2013 Ciudad de Panam\u00e1, 2022<\/h2><\/div><\/div><\/div><div class=\"fusion-layout-column fusion_builder_column_inner fusion-builder-nested-column-1 fusion_builder_column_inner_1_3 1_3 fusion-flex-column\" style=\"--awb-bg-size:cover;--awb-width-large:33.333333333333%;--awb-margin-top-large:0px;--awb-spacing-right-large:5.76%;--awb-margin-bottom-large:20px;--awb-spacing-left-large:5.76%;--awb-width-medium:33.333333333333%;--awb-order-medium:0;--awb-spacing-right-medium:5.76%;--awb-spacing-left-medium:5.76%;--awb-width-small:100%;--awb-order-small:0;--awb-spacing-right-small:1.92%;--awb-spacing-left-small:1.92%;\"><div class=\"fusion-column-wrapper fusion-column-has-shadow fusion-flex-justify-content-flex-start fusion-content-layout-column\"><div class=\"fusion-image-element \" style=\"--awb-caption-title-font-family:var(--h2_typography-font-family);--awb-caption-title-font-weight:var(--h2_typography-font-weight);--awb-caption-title-font-style:var(--h2_typography-font-style);--awb-caption-title-size:var(--h2_typography-font-size);--awb-caption-title-transform:var(--h2_typography-text-transform);--awb-caption-title-line-height:var(--h2_typography-line-height);--awb-caption-title-letter-spacing:var(--h2_typography-letter-spacing);\"><span class=\" fusion-imageframe imageframe-none imageframe-1 hover-type-none\"><img decoding=\"async\" width=\"2742\" height=\"2083\" title=\"LABICPA_isologo-01\" src=\"https:\/\/innovacionciudadana.org\/wp-content\/uploads\/2024\/01\/LABICPA_isologo-01.png\" alt class=\"img-responsive wp-image-17847\" srcset=\"https:\/\/innovacionciudadana.org\/wp-content\/uploads\/2024\/01\/LABICPA_isologo-01-200x152.png 200w, https:\/\/innovacionciudadana.org\/wp-content\/uploads\/2024\/01\/LABICPA_isologo-01-400x304.png 400w, https:\/\/innovacionciudadana.org\/wp-content\/uploads\/2024\/01\/LABICPA_isologo-01-600x456.png 600w, https:\/\/innovacionciudadana.org\/wp-content\/uploads\/2024\/01\/LABICPA_isologo-01-800x608.png 800w, https:\/\/innovacionciudadana.org\/wp-content\/uploads\/2024\/01\/LABICPA_isologo-01-1200x912.png 1200w, https:\/\/innovacionciudadana.org\/wp-content\/uploads\/2024\/01\/LABICPA_isologo-01.png 2742w\" sizes=\"(max-width: 640px) 100vw, 400px\" \/><\/span><\/div><\/div><\/div><\/div><div class=\"fusion-text fusion-text-1\"><p>Durante el LABICPA se desarrollaron proyectos sobre \u00abDigitalizaci\u00f3n y nuevas tecnolog\u00edas para mejorar la calidad de vida de mujeres y ni\u00f1as\u00bb.<\/p>\n<p>Estuvo organizado por el proyecto<a href=\"https:\/\/www.innovacionciudadana.org\/\">\u00a0Innovaci\u00f3n Ciudadana<\/a>\u00a0de la\u00a0<a href=\"https:\/\/www.segib.org\/\">Secretar\u00eda General Iberoamericana<\/a>\u00a0(SEGIB), junto al Gobierno Nacional de Panam\u00e1 con la colaboraci\u00f3n de la<a href=\"http:\/\/www.aecid.es\/es\/\">\u00a0Agencia Espa\u00f1ola de Cooperaci\u00f3n Internacional para el Desarrollo<\/a> (AECID) y el apoyo de la\u00a0<a href=\"https:\/\/ec.europa.eu\/info\/departments\/international-cooperation-and-development_es\">Direcci\u00f3n General de Asociaciones Internacionales<\/a> (INTPA) de la Comisi\u00f3n Europea<\/p>\n<p>El #LABICPA contribuye a los Objetivos de Desarrollo Sostenible (ODS) vinculados a la tem\u00e1tica propuesta desde una perspectiva ciudadana, aportando a 8 ODS (3, 4, 5, 8, 10, 11, 16 y 17) que sirvieron como inspiraci\u00f3n sobre los cu\u00e1les se enfocan los proyectos para generar propuestas concretas a la tem\u00e1tica del laboratorio<\/p>\n<p>Se desarrollaron 9 proyectos con casi 60 participantes de Argentina, Brasil, Colombia, Costa Rica, Cuba, El Salvador, Espa\u00f1a, Guatemala, Honduras, M\u00e9xico, Panam\u00e1, Uruguay. Se trabaj\u00f3 con 10 instituciones de Ciudad de Panam\u00e1.<\/p>\n<p><strong>Equipo de Mentor\u00eda:<\/strong> Laura Fernandez, Natalia Ca y Valeria Viva.<\/p>\n<\/div><div class=\"fusion-title title fusion-title-2 fusion-sep-none fusion-title-text fusion-title-size-four\" style=\"--awb-margin-top:1em;--awb-margin-bottom:1em;\"><h4 class=\"fusion-title-heading title-heading-left\" style=\"margin:0;\">Proyectos<\/h4><\/div><\/div><\/div><\/div><\/div>\n","protected":false},"excerpt":{"rendered":"","protected":false},"author":2,"featured_media":17847,"parent":21643,"menu_order":0,"comment_status":"closed","ping_status":"closed","template":"100-width.php","meta":{"_acf_changed":false,"footnotes":""},"class_list":["post-21657","page","type-page","status-publish","has-post-thumbnail","hentry"],"acf":[],"_links":{"self":[{"href":"https:\/\/innovacionciudadana.org\/pt-pt\/wp-json\/wp\/v2\/pages\/21657","targetHints":{"allow":["GET"]}}],"collection":[{"href":"https:\/\/innovacionciudadana.org\/pt-pt\/wp-json\/wp\/v2\/pages"}],"about":[{"href":"https:\/\/innovacionciudadana.org\/pt-pt\/wp-json\/wp\/v2\/types\/page"}],"author":[{"embeddable":true,"href":"https:\/\/innovacionciudadana.org\/pt-pt\/wp-json\/wp\/v2\/users\/2"}],"replies":[{"embeddable":true,"href":"https:\/\/innovacionciudadana.org\/pt-pt\/wp-json\/wp\/v2\/comments?post=21657"}],"version-history":[{"count":0,"href":"https:\/\/innovacionciudadana.org\/pt-pt\/wp-json\/wp\/v2\/pages\/21657\/revisions"}],"up":[{"embeddable":true,"href":"https:\/\/innovacionciudadana.org\/pt-pt\/wp-json\/wp\/v2\/pages\/21643"}],"wp:featuredmedia":[{"embeddable":true,"href":"https:\/\/innovacionciudadana.org\/pt-pt\/wp-json\/wp\/v2\/media\/17847"}],"wp:attachment":[{"href":"https:\/\/innovacionciudadana.org\/pt-pt\/wp-json\/wp\/v2\/media?parent=21657"}],"curies":[{"name":"wp","href":"https:\/\/api.w.org\/{rel}","templated":true}]}}