{"id":21655,"date":"2024-01-16T15:15:22","date_gmt":"2024-01-16T15:15:22","guid":{"rendered":"http:\/\/innovacionciudadana.org\/laboratorios\/labic\/proyectos-del-labicmex-guanajuato-2021\/"},"modified":"2024-01-16T15:15:22","modified_gmt":"2024-01-16T15:15:22","slug":"proyectos-del-labicmex-guanajuato-2021","status":"publish","type":"page","link":"https:\/\/innovacionciudadana.org\/pt-pt\/laboratorios\/labic\/proyectos-del-labicmex-guanajuato-2021\/","title":{"rendered":"Proyectos del LABICMEX \u2013 Guanajuato, 2021"},"content":{"rendered":"<div class=\"fusion-fullwidth fullwidth-box fusion-builder-row-1 fusion-flex-container has-pattern-background has-mask-background nonhundred-percent-fullwidth non-hundred-percent-height-scrolling\" style=\"--awb-border-radius-top-left:0px;--awb-border-radius-top-right:0px;--awb-border-radius-bottom-right:0px;--awb-border-radius-bottom-left:0px;--awb-flex-wrap:wrap;\" ><div class=\"fusion-builder-row fusion-row fusion-flex-align-items-flex-start fusion-flex-content-wrap\" style=\"max-width:1248px;margin-left: calc(-4% \/ 2 );margin-right: calc(-4% \/ 2 );\"><div class=\"fusion-layout-column fusion_builder_column fusion-builder-column-0 fusion_builder_column_1_1 1_1 fusion-flex-column\" style=\"--awb-bg-size:cover;--awb-width-large:100%;--awb-margin-top-large:0px;--awb-spacing-right-large:1.92%;--awb-margin-bottom-large:20px;--awb-spacing-left-large:1.92%;--awb-width-medium:100%;--awb-order-medium:0;--awb-spacing-right-medium:1.92%;--awb-spacing-left-medium:1.92%;--awb-width-small:100%;--awb-order-small:0;--awb-spacing-right-small:1.92%;--awb-spacing-left-small:1.92%;\"><div class=\"fusion-column-wrapper fusion-column-has-shadow fusion-flex-justify-content-flex-start fusion-content-layout-column\"><div class=\"fusion-builder-row fusion-builder-row-inner fusion-row fusion-flex-align-items-flex-start fusion-flex-content-wrap\" style=\"width:104% !important;max-width:104% !important;margin-left: calc(-4% \/ 2 );margin-right: calc(-4% \/ 2 );\"><div class=\"fusion-layout-column fusion_builder_column_inner fusion-builder-nested-column-0 fusion_builder_column_inner_2_3 2_3 fusion-flex-column fusion-flex-align-self-stretch\" style=\"--awb-bg-size:cover;--awb-width-large:66.666666666667%;--awb-margin-top-large:0px;--awb-spacing-right-large:2.88%;--awb-margin-bottom-large:20px;--awb-spacing-left-large:2.88%;--awb-width-medium:66.666666666667%;--awb-order-medium:0;--awb-spacing-right-medium:2.88%;--awb-spacing-left-medium:2.88%;--awb-width-small:100%;--awb-order-small:0;--awb-spacing-right-small:1.92%;--awb-spacing-left-small:1.92%;\"><div class=\"fusion-column-wrapper fusion-column-has-shadow fusion-flex-justify-content-flex-end fusion-content-layout-column\"><div class=\"fusion-title title fusion-title-1 fusion-sep-none fusion-title-text fusion-title-size-two\" style=\"--awb-font-size:24px;\"><h2 class=\"fusion-title-heading title-heading-left\" style=\"margin:0;font-size:1em;\">Proyectos del LABICMEX \u2013 Guanajuato, 2021<\/h2><\/div><\/div><\/div><div class=\"fusion-layout-column fusion_builder_column_inner fusion-builder-nested-column-1 fusion_builder_column_inner_1_3 1_3 fusion-flex-column\" style=\"--awb-bg-size:cover;--awb-width-large:33.333333333333%;--awb-margin-top-large:0px;--awb-spacing-right-large:5.76%;--awb-margin-bottom-large:20px;--awb-spacing-left-large:5.76%;--awb-width-medium:33.333333333333%;--awb-order-medium:0;--awb-spacing-right-medium:5.76%;--awb-spacing-left-medium:5.76%;--awb-width-small:100%;--awb-order-small:0;--awb-spacing-right-small:1.92%;--awb-spacing-left-small:1.92%;\"><div class=\"fusion-column-wrapper fusion-column-has-shadow fusion-flex-justify-content-flex-start fusion-content-layout-column\"><div class=\"fusion-image-element \" style=\"--awb-caption-title-font-family:var(--h2_typography-font-family);--awb-caption-title-font-weight:var(--h2_typography-font-weight);--awb-caption-title-font-style:var(--h2_typography-font-style);--awb-caption-title-size:var(--h2_typography-font-size);--awb-caption-title-transform:var(--h2_typography-text-transform);--awb-caption-title-line-height:var(--h2_typography-line-height);--awb-caption-title-letter-spacing:var(--h2_typography-letter-spacing);\"><span class=\" fusion-imageframe imageframe-none imageframe-1 hover-type-none\"><img decoding=\"async\" width=\"300\" height=\"300\" title=\"labicmex\" src=\"https:\/\/innovacionciudadana.org\/wp-content\/uploads\/2024\/01\/labicmex-1.png\" alt class=\"img-responsive wp-image-18041\" srcset=\"https:\/\/innovacionciudadana.org\/wp-content\/uploads\/2024\/01\/labicmex-1-200x200.png 200w, https:\/\/innovacionciudadana.org\/wp-content\/uploads\/2024\/01\/labicmex-1.png 300w\" sizes=\"(max-width: 640px) 100vw, 300px\" \/><\/span><\/div><\/div><\/div><\/div><div class=\"fusion-text fusion-text-1\"><p>El LABICMEX se ha centrado en \u00abaccesibilidad y autonom\u00eda de personas con discapacidad\u00bb, organizado junto al\u00a0<a href=\"https:\/\/www.guanajuato.gob.mx\/\">Gobierno del Estado de Guanajuato<\/a> a trav\u00e9s del Instituto de Innovaci\u00f3n, Ciencia y Emprendimiento para la Competitividad para el Estado de Guanajuato (<a href=\"https:\/\/idea.guanajuato.gob.mx\/\">Idea GTO<\/a>), junto a la <a href=\"https:\/\/ec.europa.eu\/info\/departments\/international-cooperation-and-development_es\">Direcci\u00f3n General de Asociaciones Internacionales <\/a>(INTPA) de la Comisi\u00f3n Europea.<\/p>\n<p>El #LABICMEX ha contado con el apoyo de la<a href=\"https:\/\/www.gob.mx\/amexcid\"> Agencia Mexicana de Cooperaci\u00f3n Internacional para el Desarrollo<\/a> (AMEXCID), la<a href=\"http:\/\/www.aecid.es\/es\/\"> Agencia Espa\u00f1ola de Cooperaci\u00f3n Internacional para el Desarrollo<\/a> (AECID), el Gobierno del Estado de Guanajuato mediante el<a href=\"https:\/\/ingudis.guanajuato.gob.mx\/\"> Instituto Guanajuatense para las Personas con Discapacidad<\/a>, el<a href=\"https:\/\/dif.guanajuato.gob.mx\/?fbclid=IwAR0HK7URXUaCcugn0lp2ZKRPnMQdiuBoR-S341xddbtOVWgebaGZ6Y3LIBs\"> Sistema para el Desarrollo Integral de la Familia<\/a>, la<a href=\"https:\/\/desarrollosocial.guanajuato.gob.mx\/\"> Secretar\u00eda de Desarrollo Social y Humano<\/a>, la<a href=\"http:\/\/www.salud.guanajuato.gob.mx\/\"> Secretar\u00eda de Salud<\/a>, junto a la <a href=\"http:\/\/www.ugto.mx\/\">Universidad de Guanajuato<\/a>, el<a href=\"https:\/\/www.once.es\/\"> Grupo Social ONCE<\/a>, <a href=\"https:\/\/www.ciatec.mx\/\">CIATEC<\/a>, la<a href=\"https:\/\/enes.unam.mx\/\"> Escuela Nacional de Estudios Superiores\/UNAM<\/a>, <a href=\"https:\/\/www.upiig.ipn.mx\/\">UPIIG<\/a> y <a href=\"http:\/\/www.njambre.org\/\">Njambre<\/a>.<\/p>\n<p>El LABICMEX fue una propuesta novedosa con respecto a las anteriores ediciones, introduciendo la implementaci\u00f3n de los proyectos en los territorios. Incluy\u00f3 las fases de: ideaci\u00f3n, prototipado, maduraci\u00f3n, y activaci\u00f3n en Guanajuato.<\/p>\n<p>Se desarrollaron 5 proyectos con 35 participantes de Argentina, Brasil, Colombia, Espa\u00f1a y M\u00e9xico. Se trabaj\u00f3 con 20 instituciones en el Estado de Guanajuato.<\/p>\n<p><strong>Mentores:<\/strong> Andr\u00e9s Bedoya, Emiliano Fazio, Mar\u00eda Esquivel y Paula Cardenau.<\/p>\n<\/div><div class=\"fusion-title title fusion-title-2 fusion-sep-none fusion-title-text fusion-title-size-four\" style=\"--awb-margin-top:1em;--awb-margin-bottom:1em;\"><h4 class=\"fusion-title-heading title-heading-left\" style=\"margin:0;\">Proyectos<\/h4><\/div><div class=\"fusion-text fusion-text-2\"><div class=\"video-shortcode\"><iframe title=\"As\u00ed finaliza el #LABICMEX\" width=\"1200\" height=\"675\" src=\"https:\/\/www.youtube.com\/embed\/gTUxbp1VxBs?feature=oembed\" frameborder=\"0\" allow=\"accelerometer; autoplay; clipboard-write; encrypted-media; gyroscope; picture-in-picture; web-share\" allowfullscreen><\/iframe><\/div>\n<\/div><\/div><\/div><\/div><\/div>\n","protected":false},"excerpt":{"rendered":"","protected":false},"author":2,"featured_media":18041,"parent":21643,"menu_order":0,"comment_status":"closed","ping_status":"closed","template":"100-width.php","meta":{"_acf_changed":false,"footnotes":""},"class_list":["post-21655","page","type-page","status-publish","has-post-thumbnail","hentry"],"acf":[],"_links":{"self":[{"href":"https:\/\/innovacionciudadana.org\/pt-pt\/wp-json\/wp\/v2\/pages\/21655","targetHints":{"allow":["GET"]}}],"collection":[{"href":"https:\/\/innovacionciudadana.org\/pt-pt\/wp-json\/wp\/v2\/pages"}],"about":[{"href":"https:\/\/innovacionciudadana.org\/pt-pt\/wp-json\/wp\/v2\/types\/page"}],"author":[{"embeddable":true,"href":"https:\/\/innovacionciudadana.org\/pt-pt\/wp-json\/wp\/v2\/users\/2"}],"replies":[{"embeddable":true,"href":"https:\/\/innovacionciudadana.org\/pt-pt\/wp-json\/wp\/v2\/comments?post=21655"}],"version-history":[{"count":0,"href":"https:\/\/innovacionciudadana.org\/pt-pt\/wp-json\/wp\/v2\/pages\/21655\/revisions"}],"up":[{"embeddable":true,"href":"https:\/\/innovacionciudadana.org\/pt-pt\/wp-json\/wp\/v2\/pages\/21643"}],"wp:featuredmedia":[{"embeddable":true,"href":"https:\/\/innovacionciudadana.org\/pt-pt\/wp-json\/wp\/v2\/media\/18041"}],"wp:attachment":[{"href":"https:\/\/innovacionciudadana.org\/pt-pt\/wp-json\/wp\/v2\/media?parent=21655"}],"curies":[{"name":"wp","href":"https:\/\/api.w.org\/{rel}","templated":true}]}}