{"id":21647,"date":"2024-01-16T18:25:22","date_gmt":"2024-01-16T18:25:22","guid":{"rendered":"http:\/\/innovacionciudadana.org\/laboratorios\/labic\/proyectos-del-labicbr-rio-de-janeiro-brasil-2015\/"},"modified":"2024-01-16T18:25:22","modified_gmt":"2024-01-16T18:25:22","slug":"proyectos-del-labicbr-rio-de-janeiro-brasil-2015","status":"publish","type":"page","link":"https:\/\/innovacionciudadana.org\/pt-pt\/laboratorios\/labic\/proyectos-del-labicbr-rio-de-janeiro-brasil-2015\/","title":{"rendered":"Proyectos del LABICBR \u2013 Rio de Janeiro, Brasil, 2015"},"content":{"rendered":"<div class=\"fusion-fullwidth fullwidth-box fusion-builder-row-1 fusion-flex-container has-pattern-background has-mask-background nonhundred-percent-fullwidth non-hundred-percent-height-scrolling\" style=\"--awb-border-radius-top-left:0px;--awb-border-radius-top-right:0px;--awb-border-radius-bottom-right:0px;--awb-border-radius-bottom-left:0px;--awb-flex-wrap:wrap;\" ><div class=\"fusion-builder-row fusion-row fusion-flex-align-items-flex-start fusion-flex-content-wrap\" style=\"max-width:1248px;margin-left: calc(-4% \/ 2 );margin-right: calc(-4% \/ 2 );\"><div class=\"fusion-layout-column fusion_builder_column fusion-builder-column-0 fusion_builder_column_1_1 1_1 fusion-flex-column\" style=\"--awb-bg-size:cover;--awb-width-large:100%;--awb-margin-top-large:0px;--awb-spacing-right-large:1.92%;--awb-margin-bottom-large:20px;--awb-spacing-left-large:1.92%;--awb-width-medium:100%;--awb-order-medium:0;--awb-spacing-right-medium:1.92%;--awb-spacing-left-medium:1.92%;--awb-width-small:100%;--awb-order-small:0;--awb-spacing-right-small:1.92%;--awb-spacing-left-small:1.92%;\"><div class=\"fusion-column-wrapper fusion-column-has-shadow fusion-flex-justify-content-flex-start fusion-content-layout-column\"><div class=\"fusion-builder-row fusion-builder-row-inner fusion-row fusion-flex-align-items-flex-start fusion-flex-content-wrap\" style=\"width:104% !important;max-width:104% !important;margin-left: calc(-4% \/ 2 );margin-right: calc(-4% \/ 2 );\"><div class=\"fusion-layout-column fusion_builder_column_inner fusion-builder-nested-column-0 fusion_builder_column_inner_2_3 2_3 fusion-flex-column fusion-flex-align-self-stretch\" style=\"--awb-bg-size:cover;--awb-width-large:66.666666666667%;--awb-margin-top-large:0px;--awb-spacing-right-large:2.88%;--awb-margin-bottom-large:20px;--awb-spacing-left-large:2.88%;--awb-width-medium:66.666666666667%;--awb-order-medium:0;--awb-spacing-right-medium:2.88%;--awb-spacing-left-medium:2.88%;--awb-width-small:100%;--awb-order-small:0;--awb-spacing-right-small:1.92%;--awb-spacing-left-small:1.92%;\"><div class=\"fusion-column-wrapper fusion-column-has-shadow fusion-flex-justify-content-flex-end fusion-content-layout-column\"><div class=\"fusion-title title fusion-title-1 fusion-sep-none fusion-title-text fusion-title-size-two\" style=\"--awb-font-size:24px;\"><h2 class=\"fusion-title-heading title-heading-left\" style=\"margin:0;font-size:1em;\">Proyectos del LABICBR \u2013 Rio de Janeiro, Brasil, 2015<\/h2><\/div><\/div><\/div><div class=\"fusion-layout-column fusion_builder_column_inner fusion-builder-nested-column-1 fusion_builder_column_inner_1_3 1_3 fusion-flex-column\" style=\"--awb-bg-size:cover;--awb-width-large:33.333333333333%;--awb-margin-top-large:0px;--awb-spacing-right-large:5.76%;--awb-margin-bottom-large:20px;--awb-spacing-left-large:5.76%;--awb-width-medium:33.333333333333%;--awb-order-medium:0;--awb-spacing-right-medium:5.76%;--awb-spacing-left-medium:5.76%;--awb-width-small:100%;--awb-order-small:0;--awb-spacing-right-small:1.92%;--awb-spacing-left-small:1.92%;\"><div class=\"fusion-column-wrapper fusion-column-has-shadow fusion-flex-justify-content-flex-start fusion-content-layout-column\"><div class=\"fusion-image-element \" style=\"--awb-caption-title-font-family:var(--h2_typography-font-family);--awb-caption-title-font-weight:var(--h2_typography-font-weight);--awb-caption-title-font-style:var(--h2_typography-font-style);--awb-caption-title-size:var(--h2_typography-font-size);--awb-caption-title-transform:var(--h2_typography-text-transform);--awb-caption-title-line-height:var(--h2_typography-line-height);--awb-caption-title-letter-spacing:var(--h2_typography-letter-spacing);\"><span class=\" fusion-imageframe imageframe-none imageframe-1 hover-type-none\"><img decoding=\"async\" width=\"1182\" height=\"1182\" title=\"labicbr-1\" src=\"https:\/\/innovacionciudadana.org\/wp-content\/uploads\/2024\/01\/labicbr-1-1.png\" alt class=\"img-responsive wp-image-18061\" srcset=\"https:\/\/innovacionciudadana.org\/wp-content\/uploads\/2024\/01\/labicbr-1-1-200x200.png 200w, https:\/\/innovacionciudadana.org\/wp-content\/uploads\/2024\/01\/labicbr-1-1-400x400.png 400w, https:\/\/innovacionciudadana.org\/wp-content\/uploads\/2024\/01\/labicbr-1-1-600x600.png 600w, https:\/\/innovacionciudadana.org\/wp-content\/uploads\/2024\/01\/labicbr-1-1-800x800.png 800w, https:\/\/innovacionciudadana.org\/wp-content\/uploads\/2024\/01\/labicbr-1-1.png 1182w\" sizes=\"(max-width: 640px) 100vw, 400px\" \/><\/span><\/div><\/div><\/div><\/div><div class=\"fusion-text fusion-text-1\"><p>Laboratorio organizado en el marco de la estrategia del Posconflicto del Gobierno de Colombia, una vez firmados los acuerdos de Paz tras 50 a\u00f1os de enfrentamiento. El LABICxlaPAZ fue realizado en febrero de 2018 en el Departamento de Nari\u00f1o, una de las zonas m\u00e1s afectadas por el conflicto colombiano. Los proyectos trabajaron con 12 comunidades locales de mujeres y ni\u00f1os v\u00edctimas del conflicto, poblaciones ind\u00edgenas, personas con amputaciones por minas antipersona, comunidades afrodescendientes y campesinas, y m\u00e1s. Esta fue la primera ocasi\u00f3n a nivel global que una estrategia de posconflicto se abri\u00f3 al trabajo colaborativo con la ciudadan\u00eda. El LabicxlaPaz fue organizado junto a la Alta Consejer\u00eda para el Posconflicto de la Presidencia de Colombia y el Gobierno de Nari\u00f1o, con el apoyo de AECID, Nansen Center for Peace and Dialogue.<\/p>\n<p>Participaron 100 ciudadanos de 14 pa\u00edses.<\/p>\n<\/div><div class=\"fusion-title title fusion-title-2 fusion-sep-none fusion-title-text fusion-title-size-four\" style=\"--awb-margin-top:1em;--awb-margin-bottom:1em;\"><h4 class=\"fusion-title-heading title-heading-left\" style=\"margin:0;\">Proyectos<\/h4><\/div><\/div><\/div><\/div><\/div>\n","protected":false},"excerpt":{"rendered":"","protected":false},"author":2,"featured_media":18061,"parent":21643,"menu_order":0,"comment_status":"closed","ping_status":"closed","template":"100-width.php","meta":{"_acf_changed":false,"footnotes":""},"class_list":["post-21647","page","type-page","status-publish","has-post-thumbnail","hentry"],"acf":[],"_links":{"self":[{"href":"https:\/\/innovacionciudadana.org\/pt-pt\/wp-json\/wp\/v2\/pages\/21647","targetHints":{"allow":["GET"]}}],"collection":[{"href":"https:\/\/innovacionciudadana.org\/pt-pt\/wp-json\/wp\/v2\/pages"}],"about":[{"href":"https:\/\/innovacionciudadana.org\/pt-pt\/wp-json\/wp\/v2\/types\/page"}],"author":[{"embeddable":true,"href":"https:\/\/innovacionciudadana.org\/pt-pt\/wp-json\/wp\/v2\/users\/2"}],"replies":[{"embeddable":true,"href":"https:\/\/innovacionciudadana.org\/pt-pt\/wp-json\/wp\/v2\/comments?post=21647"}],"version-history":[{"count":0,"href":"https:\/\/innovacionciudadana.org\/pt-pt\/wp-json\/wp\/v2\/pages\/21647\/revisions"}],"up":[{"embeddable":true,"href":"https:\/\/innovacionciudadana.org\/pt-pt\/wp-json\/wp\/v2\/pages\/21643"}],"wp:featuredmedia":[{"embeddable":true,"href":"https:\/\/innovacionciudadana.org\/pt-pt\/wp-json\/wp\/v2\/media\/18061"}],"wp:attachment":[{"href":"https:\/\/innovacionciudadana.org\/pt-pt\/wp-json\/wp\/v2\/media?parent=21647"}],"curies":[{"name":"wp","href":"https:\/\/api.w.org\/{rel}","templated":true}]}}